{"id":4246,"date":"2021-02-04T16:08:45","date_gmt":"2021-02-04T07:08:45","guid":{"rendered":"https:\/\/ennavi.tokyo\/urikake-kaikake\/?page_id=4246"},"modified":"2024-04-08T21:22:45","modified_gmt":"2024-04-08T12:22:45","slug":"recruitment-of-experts","status":"publish","type":"page","link":"https:\/\/ennavi.tokyo\/urikake-kaikake\/recruitment-of-experts\/","title":{"rendered":"\u300c\u8cc7\u91d1\u8abf\u9054\u4e8b\u696d\u300d\u306b\u643a\u308f\u308b\u4e8b\u696d\u8005\u69d8\u9650\u5b9a\u3000\u5fa1\u793e\u306e\u30b5\u30fc\u30d3\u30b9\u3092\u7121\u6599\u3067\u7d39\u4ecb\u3057\u307e\u305b\u3093\u304b\uff1f"},"content":{"rendered":"<p><span class=\"under\">\u8cc7\u91d1\u8abf\u9054\u306e\u4e8b\u696d\u306b\u643a\u308f\u308b\u4e8b\u696d\u8005\u69d8\u3092\u3001\u5f53\u30b5\u30a4\u30c8\u3067\u7d39\u4ecb\u3055\u305b\u3066\u3044\u305f\u3060\u3051\u307e\u305b\u3093\u304b\uff1f\u8cbb\u7528\u306f\u7121\u6599\u3067\u3059\u3002<\/span><\/p>\n<p>\u5f53\u30b5\u30a4\u30c8\u3067\u306f\u4e8b\u696d\u8005\u69d8\u306b\u5411\u3051\u3066\u300c\u8cc7\u91d1\u8abf\u9054\u300d\u306e\u60c5\u5831\u3092\u63b2\u8f09\u3057\u3066\u3044\u307e\u3059\u3002\u305d\u3057\u3066\u5f53\u30b5\u30a4\u30c8\u306e\u4e2d\u3067\u3001\u8cc7\u91d1\u8abf\u9054\u306b\u95a2\u308f\u308b\u696d\u8005\u69d8\u3092\u7d39\u4ecb\u3057\u3066\u3044\u308b\u30da\u30fc\u30b8\u3092\u4f5c\u6210\u30fb\u904b\u55b6\u3057\u3066\u3044\u307e\u3059\u3002<\/p>\n<p><b>\u4eca\u56de\u7121\u6599\u3067\u3001\u300c\u8cc7\u91d1\u8abf\u9054\u306e\u4e8b\u696d\u306b\u643a\u308f\u308b\u4e8b\u696d\u8005\u69d8\u3092\u7d39\u4ecb\u3057\u305f\u3044\u300d\u3068\u8003\u3048\u3066\u3044\u307e\u3059\u3002<\/b><\/p>\n<p>\u4f8b\u3092\u6319\u3052\u307e\u3059\u3068\u3001\u4ee5\u4e0b\u306e\u3088\u3046\u306a\u611f\u3058\u3068\u306a\u308a\u307e\u3059\u3002<\/p>\n<blockquote class=\"wp-embedded-content\" data-secret=\"KfJ9VzhrMM\"><p><a href=\"https:\/\/ennavi.tokyo\/urikake-kaikake\/expert\/shizuoka\/\">\u9759\u5ca1\u770c\u306e\u8cc7\u91d1\u8abf\u9054\u306b\u5f37\u3044\u5c02\u9580\u5bb6\u3000\u878d\u8cc7\u3084\u8cc7\u91d1\u8abf\u9054\u306b\u5f37\u3044\u5c02\u9580\u5bb6\u7d39\u4ecb<\/a><\/p><\/blockquote>\n<p><iframe loading=\"lazy\" class=\"wp-embedded-content\" sandbox=\"allow-scripts\" security=\"restricted\" style=\"position: absolute; visibility: hidden;\" title=\"&#8220;\u9759\u5ca1\u770c\u306e\u8cc7\u91d1\u8abf\u9054\u306b\u5f37\u3044\u5c02\u9580\u5bb6\u3000\u878d\u8cc7\u3084\u8cc7\u91d1\u8abf\u9054\u306b\u5f37\u3044\u5c02\u9580\u5bb6\u7d39\u4ecb&#8221; &#8212; \u30a6\u30ea\u30ab\u30b1\u00d7\u30ab\u30a4\u30ab\u30b1.com\" src=\"https:\/\/ennavi.tokyo\/urikake-kaikake\/expert\/shizuoka\/embed\/#?secret=4Fiya99LHn#?secret=KfJ9VzhrMM\" data-secret=\"KfJ9VzhrMM\" width=\"600\" height=\"338\" frameborder=\"0\" marginwidth=\"0\" marginheight=\"0\" scrolling=\"no\"><\/iframe><\/p>\n<p>\u3053\u306e\u30da\u30fc\u30b8\u3067\u306f<b>\u300c\u9759\u5ca1\u770c\u5185\u3067\u8cc7\u91d1\u8abf\u9054\u306b\u5f37\u3044\u5c02\u9580\u5bb6\u300d<\/b>\u3067\u3042\u308b\u7a0e\u7406\u58eb\u3084\u4e2d\u5c0f\u4f01\u696d\u8a3a\u65ad\u58eb\u3092\u7d39\u4ecb\u3057\u3066\u3044\u307e\u3059\u3002<\/p>\n<p>\u3053\u306e\u3088\u3046\u306b\u5404\u90fd\u9053\u5e9c\u770c\u5225\u3067<b>\u300c\u8cc7\u91d1\u8abf\u9054\u306e\u5c02\u9580\u5bb6\u3092\u7d39\u4ecb\u3057\u305f\u3044\u300d<\/b>\u3068\u8003\u3048\u3066\u3044\u308b\u306e\u3067\u3059\u3002<\/p>\n<p>\u7a0e\u7406\u58eb\u3084\u4e2d\u5c0f\u4f01\u696d\u8a3a\u65ad\u58eb\u4ee5\u5916\u306b\u3082\u3001\u30d5\u30a1\u30a4\u30ca\u30f3\u30b7\u30e3\u30eb\u30d7\u30e9\u30f3\u30ca\u30fc\u3001\u516c\u8a8d\u4f1a\u8a08\u58eb\u3001\u793e\u4f1a\u4fdd\u967a\u52b4\u52d9\u58eb\u3001\u7d4c\u55b6\u30b3\u30f3\u30b5\u30eb\u30bf\u30f3\u30c8\u306a\u3069\u3001\u8cc7\u91d1\u8abf\u9054\u306b\u60a9\u3080\u4e8b\u696d\u8005\u69d8\u306e\u624b\u52a9\u3051\u3092\u3067\u304d\u308b\u4e8b\u52d9\u6240\u69d8\u3001\u4e8b\u696d\u8005\u69d8\u3092\u52df\u96c6\u3057\u3066\u3044\u307e\u3059\u3002<\/p>\n<h2>\u7121\u6599\u3067\u7d39\u4ecb\u3059\u308b\u7406\u7531\u3000\u5145\u5b9f\u3057\u305f\u30b3\u30f3\u30c6\u30f3\u30c4\u3092\u76ee\u7684<\/h2>\n<p><span class=\"under\">\u4eca\u56de\u306e\u3054\u63d0\u6848\u306f\u5b8c\u5168\u306b\u7121\u6599\u3068\u306a\u3063\u3066\u304a\u308a\u307e\u3059\u3002<\/span><\/p>\n<p>&nbsp;<\/p>\n<p><!--\u30ed\u30dc--><\/p>\n<div class=\"speech-wrap sb-id-3 sbs-line sbp-l sbis-cb cf\">\n<div class=\"speech-person\">\n<figure class=\"speech-icon\"><img decoding=\"async\" class=\"speech-icon-image\" src=\"https:\/\/ennavi.tokyo\/urikake-kaikake\/images\/character\/character_03.png\" alt=\"\u7121\u6599\uff1f\" title=\"\"><\/figure>\n<\/div>\n<div class=\"speech-balloon\">\u7121\u6599\u3068\u304b\u3044\u3063\u3066\u304a\u304d\u306a\u304c\u3089\u3001\u7d50\u5c40\u3069\u3053\u304b\u3067\u6599\u91d1\u304c\u767a\u751f\u3059\u308b\u3093\u3060\u308d\uff1f<\/div>\n<\/div>\n<p><!--\u30ed\u30dc--><\/p>\n<p><!--B\u793e\u9577--><\/p>\n<div class=\"speech-wrap sb-id-3 sbs-line sbp-l sbis-cb cf\">\n<div class=\"speech-person\">\n<figure class=\"speech-icon\"><img decoding=\"async\" class=\"speech-icon-image\" src=\"https:\/\/ennavi.tokyo\/urikake-kaikake\/images\/character\/character_01.png\" alt=\"\u7121\u6599\u3060\u3002\" title=\"\"><\/figure>\n<\/div>\n<div class=\"speech-balloon\">\u3044\u3044\u3084\u3001\u7121\u6599\u3060\u3002\u4e00\u5207\u8acb\u6c42\u3059\u308b\u3053\u3068\u306f\u306a\u3044\u3002\u5f53\u30b5\u30a4\u30c8\u306e\u76ee\u7684\u306f\u3001\u30b3\u30f3\u30c6\u30f3\u30c4\u3092\u5145\u5b9f\u3055\u305b\u308b\u3053\u3068\u3060\u3002<\/div>\n<\/div>\n<p><!--B\u793e\u9577--><\/p>\n<p>&nbsp;<\/p>\n<p>\u3053\u306e\u30b5\u30fc\u30d3\u30b9\u306e\u8aac\u660e\u3092\u8907\u6570\u306e\u4eba\u306b\u3057\u307e\u3057\u305f\u304c\u3001\u5927\u62b5\u3053\u306e\u3088\u3046\u306a\u8cea\u554f\u3092\u53d7\u3051\u307e\u3057\u305f\u3002<b>\u3057\u304b\u3057\u4e00\u5207\u304a\u91d1\u304c\u304b\u304b\u308b\u3053\u3068\u306f\u3042\u308a\u307e\u305b\u3093\u3002<\/b><\/p>\n<p>\u7121\u6599\u306e\u7406\u7531\u306f<span class=\"under\">\u300c\u5f53\u30b5\u30a4\u30c8\u3092\u8cc7\u91d1\u8abf\u9054\u7cfb\u306e\u60c5\u5831\u30b5\u30a4\u30c8\u3068\u3057\u3066\u3001\u3055\u3089\u306b\u5145\u5b9f\u3057\u305f\u60c5\u5831\u3092\u63b2\u8f09\u3057\u305f\u3044\u300d<\/span>\u3068\u8003\u3048\u3066\u3044\u308b\u305f\u3081\u3067\u3059\u3002<\/p>\n<p>\u6570\u591a\u304f\u306e\u985e\u4f3c\u3057\u305f\u30b5\u30a4\u30c8\u306f\u3042\u308b\u306e\u3067\u3059\u304c\u3001\u8cc7\u91d1\u8abf\u9054\u306e\u60c5\u5831\u3068\u8cc7\u91d1\u8abf\u9054\u306b\u643a\u308f\u308b\u4e8b\u696d\u8005\u69d8\u306e\u60c5\u5831\u306e\u4e21\u65b9\u3092\u63b2\u8f09\u3057\u3066\u3044\u308b\u30b5\u30a4\u30c8\u306f\u610f\u5916\u3068\u5c11\u306a\u3044\u306e\u304c\u73fe\u72b6\u3067\u3059\u3002<\/p>\n<p>\u305d\u306e\u305f\u3081\u3001\u8cc7\u91d1\u8abf\u9054\u60c5\u5831\u30b5\u30a4\u30c8\u3068\u3057\u3066\u60c5\u5831\u3092\u5145\u5b9f\u3055\u305b\u305f\u3044\u3068\u8003\u3048\u3066\u3044\u308b\u305f\u3081\u3001\u8cc7\u91d1\u8abf\u9054\u306b\u643a\u308f\u308b\u8077\u696d\u3092\u53d6\u308a\u4e0a\u3052\u308b\u3053\u3068\u306f\u3001\u5f53\u30b5\u30a4\u30c8\u306e\u30b3\u30f3\u30c6\u30f3\u30c4\u3092\u5145\u5b9f\u3055\u305b\u308b\u610f\u5473\u3068\u3057\u3066\u4fa1\u5024\u304c\u3042\u308b\u3068\u8003\u3048\u3066\u3044\u308b\u306e\u3067\u3059\u3002<\/p>\n<h3>\u304a\u9858\u3044<\/h3>\n<p>\u4eca\u56de\u306e\u63d0\u6848\u306b\u3064\u3044\u30661\u3064\u3060\u3051\u304a\u9858\u3044\u304c\u3042\u308a\u3001<b>\u5fa1\u793e\u306e\u30b5\u30a4\u30c8\u3067\u5f53\u30b5\u30a4\u30c8\u306e\u7d39\u4ecb\u3092\u3057\u3066\u3044\u305f\u3060\u304d\u305f\u3044\u306e\u3067\u3059\u3002<\/b><\/p>\n<p>\u5f53\u30b5\u30a4\u30c8\u306e\u60c5\u5831\u3092\u5145\u5b9f\u3055\u305b\u308b\u76ee\u7684\u306f\u3001\u5f53\u30b5\u30a4\u30c8\u3092\u5c11\u3057\u3067\u3082\u5e83\u3081\u305f\u3044\u3068\u3044\u3046\u601d\u3044\u304c\u3042\u308a\u307e\u3059\u3002\u540c\u3058\u3088\u3046\u306b\u5fa1\u793e\u30b5\u30a4\u30c8\u3067\u7d39\u4ecb\u3057\u3066\u3082\u3089\u3046\u3053\u3068\u3067\u3001\u5c11\u3057\u3067\u3082\u77e5\u540d\u5ea6\u3092\u4e0a\u3052\u3089\u308c\u308c\u3070\u3068\u8003\u3048\u3066\u3044\u308b\u305f\u3081\u3067\u3059\u3002<\/p>\n<h2>\u5fdc\u52df\u65b9\u6cd5<\/h2>\n<p>\u4eca\u56de\u306e\u7d39\u4ecb\u30b5\u30fc\u30d3\u30b9\u306b\u8208\u5473\u304c\u3042\u308b\u3001\u3082\u3057\u304f\u306f\u53c2\u52a0\u3092\u5e0c\u671b\u3059\u308b\u3068\u3044\u3046\u4e8b\u696d\u8005\u69d8\u306f\u3001\u4ee5\u4e0b\u306e\u30d5\u30a9\u30fc\u30e0\u3088\u308a<b>\u300c\u304a\u540d\u524d\u300d\u300c\u9023\u7d61\u5148\u30e1\u30fc\u30eb\u30a2\u30c9\u30ec\u30b9\u300d<\/b>\u3092\u3054\u8a18\u5165\u306e\u4e0a\u3001<b>\u300c\u304a\u554f\u3044\u5408\u308f\u305b\u5185\u5bb9\u300d<\/b>\u306e\u6b04\u306b<b>\u300c\u7d39\u4ecb\u30b5\u30fc\u30d3\u30b9\u5e0c\u671b\u300d<\/b>\u3068\u5165\u529b\u3057\u3001\u9001\u4fe1\u30dc\u30bf\u30f3\u3092\u62bc\u3057\u3066\u304f\u3060\u3055\u3044\u3002<\/p>\n<p>2\u55b6\u696d\u65e5\u4ee5\u5185\u306b\u6298\u308a\u8fd4\u3057\u306e\u8fd4\u4fe1\u3092\u3055\u305b\u3066\u3044\u305f\u3060\u304d\u307e\u3059\u3002<\/p>\n\n<div class=\"wpcf7 no-js\" id=\"wpcf7-f1155-o1\" lang=\"ja\" dir=\"ltr\" data-wpcf7-id=\"1155\">\n<div class=\"screen-reader-response\"><p role=\"status\" aria-live=\"polite\" aria-atomic=\"true\"><\/p> <ul><\/ul><\/div>\n<form action=\"\/urikake-kaikake\/wp-json\/wp\/v2\/pages\/4246#wpcf7-f1155-o1\" method=\"post\" class=\"wpcf7-form init wpcf7-acceptance-as-validation\" aria-label=\"\u30b3\u30f3\u30bf\u30af\u30c8\u30d5\u30a9\u30fc\u30e0\" novalidate=\"novalidate\" data-status=\"init\">\n<fieldset class=\"hidden-fields-container\"><input type=\"hidden\" name=\"_wpcf7\" value=\"1155\" \/><input type=\"hidden\" name=\"_wpcf7_version\" value=\"6.1.5\" \/><input type=\"hidden\" name=\"_wpcf7_locale\" value=\"ja\" \/><input type=\"hidden\" name=\"_wpcf7_unit_tag\" value=\"wpcf7-f1155-o1\" \/><input type=\"hidden\" name=\"_wpcf7_container_post\" value=\"0\" \/><input type=\"hidden\" name=\"_wpcf7_posted_data_hash\" value=\"\" \/><input type=\"hidden\" name=\"_wpcf7_recaptcha_response\" value=\"\" \/>\n<\/fieldset>\n<table class=\"table table-bordered table-striped table-contactform7 demo03\">\n\t<tr>\n\t\t<th>\n\t\t\t<p><span class=\"title-contactform7\">\u6c0f\u540d\uff08\u4f1a\u793e\u540d\uff09<\/span>\n\t\t\t<\/p>\n\t\t<\/th>\n\t\t<td>\n\t\t\t<p><span class=\"wpcf7-form-control-wrap\" data-name=\"your-name\"><input size=\"40\" maxlength=\"400\" class=\"wpcf7-form-control wpcf7-text wpcf7-validates-as-required\" aria-required=\"true\" aria-invalid=\"false\" placeholder=\"\u4f8b\uff1a\u5c71\u7530\u3000\u592a\u90ce\" value=\"\" type=\"text\" name=\"your-name\" \/><\/span>\n\t\t\t<\/p>\n\t\t<\/td>\n\t<\/tr>\n\t<tr>\n\t\t<th>\n\t\t\t<p><span class=\"title-contactform7\">\u30e1\u30fc\u30eb<\/span>\n\t\t\t<\/p>\n\t\t<\/th>\n\t\t<td>\n\t\t\t<p><span class=\"wpcf7-form-control-wrap\" data-name=\"your-email\"><input size=\"40\" maxlength=\"400\" class=\"wpcf7-form-control wpcf7-email wpcf7-validates-as-required wpcf7-text wpcf7-validates-as-email\" aria-required=\"true\" aria-invalid=\"false\" placeholder=\"\u4f8b\uff1a\u00d7\u00d7\u00d7@\u00d7\u00d7\u00d7.com\" value=\"\" type=\"email\" name=\"your-email\" \/><\/span>\n\t\t\t<\/p>\n\t\t<\/td>\n\t<\/tr>\n\t<tr>\n\t\t<th>\n\t\t\t<p><span class=\"title-contactform7\">\u5185\u5bb9 <\/span>\n\t\t\t<\/p>\n\t\t<\/th>\n\t\t<td class=\"message-naiyou\">\n\t\t\t<p><span class=\"wpcf7-form-control-wrap\" data-name=\"your-message\"><textarea cols=\"40\" rows=\"10\" maxlength=\"2000\" class=\"wpcf7-form-control wpcf7-textarea wpcf7-validates-as-required\" aria-required=\"true\" aria-invalid=\"false\" placeholder=\"\u304a\u554f\u3044\u5408\u308f\u305b\u5185\u5bb9\u3092\u304a\u66f8\u304d\u304f\u3060\u3055\u3044\u3002\" name=\"your-message\"><\/textarea><\/span>\n\t\t\t<\/p>\n\t\t<\/td>\n\t<\/tr>\n<\/table>\n<div class=\"wpcf7-response-output\" aria-hidden=\"true\"><\/div>\n<p>&nbsp;\n<\/p>\n<p><span class=\"wpcf7-form-control-wrap\" data-name=\"acceptance-1\"><span class=\"wpcf7-form-control wpcf7-acceptance\"><span class=\"wpcf7-list-item\"><label><input type=\"checkbox\" name=\"acceptance-1\" value=\"1\" aria-invalid=\"false\" \/><span class=\"wpcf7-list-item-label\">\u2190<b>\u5de6\u5074\u306e\u30dc\u30c3\u30af\u30b9\u306b\u30c1\u30a7\u30c3\u30af\u3092\u5165\u308c<\/b>\u5165\u529b\u306b\u4e0d\u5099\u304c\u306a\u3051\u308c\u3070<b>\u300c\u9001\u4fe1\u30dc\u30bf\u30f3\u300d<\/b>\u3092\u62bc\u3057\u3066\u304f\u3060\u3055\u3044\u3002<\/span><\/label><\/span><\/span><\/span>\n<\/p>\n<p>&nbsp;\n<\/p>\n<p><div class=\"cf7-cf-turnstile\" style=\"margin-top: 0px; margin-bottom: -15px;\"> <div id=\"cf-turnstile-cf7-3388663561\" class=\"cf-turnstile\" data-sitekey=\"0x4AAAAAACoB3Fo72l1clpzQ\" data-theme=\"light\" data-language=\"auto\" data-size=\"normal\" data-retry=\"auto\" data-retry-interval=\"1000\" data-refresh-expired=\"auto\" data-refresh-timeout=\"auto\" data-action=\"contact-form-7\" data-callback=\"turnstileCF7Callback\" data-appearance=\"always\"><\/div> <script>document.addEventListener(\"DOMContentLoaded\", function() { setTimeout(function(){ var e=document.getElementById(\"cf-turnstile-cf7-3388663561\"); if(e&&!e.innerHTML.trim()){turnstile.render(e, {sitekey:\"0x4AAAAAACoB3Fo72l1clpzQ\"});} }, 200); });<\/script> <br class=\"cf-turnstile-br cf-turnstile-br-cf7-3388663561\"> <style>#cf-turnstile-cf7-3388663561 { margin-left: -15px; }<\/style> <script>document.addEventListener(\"DOMContentLoaded\",function(){document.querySelectorAll('.wpcf7-form').forEach(function(e){e.addEventListener('submit',function(){if(document.getElementById('cf-turnstile-cf7-3388663561')){setTimeout(function(){turnstile.reset('#cf-turnstile-cf7-3388663561');},1000)}})})});<\/script> <\/div><br\/><input class=\"wpcf7-form-control wpcf7-submit has-spinner\" type=\"submit\" value=\"\u9001\u4fe1\" \/>\n<\/p>\n<\/form>\n<\/div>\n\n<h2>Q&#038;A<\/h2>\n        <section class=\"sc_fs_faq sc_card \">\n            <div>\n\t\t\t\t<h3>\u5bfe\u8c61\u3068\u306a\u308b\u696d\u7a2e\u306f\u4f55\u3067\u3059\u304b\uff1f<\/h3>                <div>\n\t\t\t\t\t                    <p>\n\t\t\t\t\t\t\u8cc7\u91d1\u8abf\u9054\u306b\u95a2\u308f\u308b\u696d\u7a2e\u3067\u3059\u3002\u305f\u3068\u3048\u3070\u7a0e\u7406\u58eb\u3001\u4f1a\u8a08\u58eb\u3001\u4e2d\u5c0f\u4f01\u696d\u8a3a\u65ad\u58eb\u3001\u30d5\u30a1\u30a4\u30ca\u30f3\u30b7\u30e3\u30eb\u30d7\u30e9\u30f3\u30ca\u30fc\u7b49\u3067\u3059\u3002                    <\/p>\n                <\/div>\n            <\/div>\n        <\/section>\n\t\t        <section class=\"sc_fs_faq sc_card \">\n            <div>\n\t\t\t\t<h3>\u672c\u5f53\u306b\u7121\u6599\u3067\u3059\u304b\uff1f<\/h3>                <div>\n\t\t\t\t\t                    <p>\n\t\t\t\t\t\t\u306f\u3044\u3001\u7121\u6599\u3067\u3059\u3002                    <\/p>\n                <\/div>\n            <\/div>\n        <\/section>\n\t\t        <section class=\"sc_fs_faq sc_card \">\n            <div>\n\t\t\t\t<h3>\u7d39\u4ecb\u4f4d\u7f6e\u306e\u6c7a\u5b9a\u65b9\u6cd5\u306f\uff1f<\/h3>                <div>\n\t\t\t\t\t                    <p>\n\t\t\t\t\t\t\u7d39\u4ecb\u4f4d\u7f6e\u306f\u5f53\u30b5\u30a4\u30c8\u5074\u3067\u6c7a\u5b9a\u3055\u305b\u3066\u3044\u305f\u3060\u304d\u307e\u3059\u3002                    <\/p>\n                <\/div>\n            <\/div>\n        <\/section>\n\t\t\n<script type=\"application\/ld+json\">\n    {\n\t\t\"@context\": \"https:\/\/schema.org\",\n\t\t\"@type\": \"FAQPage\",\n\t\t\"mainEntity\": [\n\t\t\t\t{\n\t\t\t\t\"@type\": \"Question\",\n\t\t\t\t\"name\": \"\u5bfe\u8c61\u3068\u306a\u308b\u696d\u7a2e\u306f\u4f55\u3067\u3059\u304b\uff1f\",\n\t\t\t\t\"acceptedAnswer\": {\n\t\t\t\t\t\"@type\": \"Answer\",\n\t\t\t\t\t\"text\": \"\u8cc7\u91d1\u8abf\u9054\u306b\u95a2\u308f\u308b\u696d\u7a2e\u3067\u3059\u3002\u305f\u3068\u3048\u3070\u7a0e\u7406\u58eb\u3001\u4f1a\u8a08\u58eb\u3001\u4e2d\u5c0f\u4f01\u696d\u8a3a\u65ad\u58eb\u3001\u30d5\u30a1\u30a4\u30ca\u30f3\u30b7\u30e3\u30eb\u30d7\u30e9\u30f3\u30ca\u30fc\u7b49\u3067\u3059\u3002\"\n\t\t\t\t\t\t\t\t\t}\n\t\t\t}\n\t\t\t,\t\t\t\t{\n\t\t\t\t\"@type\": \"Question\",\n\t\t\t\t\"name\": \"\u672c\u5f53\u306b\u7121\u6599\u3067\u3059\u304b\uff1f\",\n\t\t\t\t\"acceptedAnswer\": {\n\t\t\t\t\t\"@type\": \"Answer\",\n\t\t\t\t\t\"text\": \"\u306f\u3044\u3001\u7121\u6599\u3067\u3059\u3002\"\n\t\t\t\t\t\t\t\t\t}\n\t\t\t}\n\t\t\t,\t\t\t\t{\n\t\t\t\t\"@type\": \"Question\",\n\t\t\t\t\"name\": \"\u7d39\u4ecb\u4f4d\u7f6e\u306e\u6c7a\u5b9a\u65b9\u6cd5\u306f\uff1f\",\n\t\t\t\t\"acceptedAnswer\": {\n\t\t\t\t\t\"@type\": \"Answer\",\n\t\t\t\t\t\"text\": \"\u7d39\u4ecb\u4f4d\u7f6e\u306f\u5f53\u30b5\u30a4\u30c8\u5074\u3067\u6c7a\u5b9a\u3055\u305b\u3066\u3044\u305f\u3060\u304d\u307e\u3059\u3002\"\n\t\t\t\t\t\t\t\t\t}\n\t\t\t}\n\t\t\t\t    ]\n}\n<\/script>\n\n<p>&nbsp;<\/p>\n<h2>\u304a\u65ad\u308a\u3000\u3088\u304f\u304a\u8aad\u307f\u306e\u4e0a\u3054\u5229\u7528\u304f\u3060\u3055\u3044<\/h2>\n<p>\u4ee5\u4e0b\u306e\u3053\u3068\u3092\u304a\u65ad\u308a\u3068\u3055\u305b\u3066\u3044\u305f\u3060\u304d\u307e\u3059\u3002<\/p>\n<div class=\"waku-black\">\n<ul>\n<li>\u5f53\u30b5\u30fc\u30d3\u30b9\u306f\u7121\u6599\u3067\u3059\u3002\u4e00\u5207\u8cbb\u7528\u304c\u639b\u304b\u308b\u3053\u3068\u306f\u3042\u308a\u307e\u305b\u3093\u3002<\/li>\n<li>\u3053\u306e\u30b5\u30fc\u30d3\u30b9\u306f<b>\u300c\u30db\u30fc\u30e0\u30da\u30fc\u30b8\u3092\u6301\u3063\u3066\u3044\u308b\u4e8b\u696d\u8005\u69d8\u306e\u307f\u5bfe\u8c61\u300d<\/b>\u3068\u306a\u3063\u3066\u304a\u308a\u307e\u3059\u3002<\/li>\n<li>\u7d39\u4ecb\u306e\u30b3\u30f3\u30c6\u30f3\u30c4\u3092\u4f5c\u6210\u3059\u308b\u305f\u3081\u306b3\u55b6\u696d\u65e5\u524d\u5f8c\u3044\u305f\u3060\u3044\u3066\u304a\u308a\u307e\u3059\u3002<\/li>\n<li>\u63b2\u8f09\u4f4d\u7f6e\u306b\u3064\u3044\u3066\u306f\u5f53\u30b5\u30a4\u30c8\u5074\u3067\u6c7a\u5b9a\u3055\u305b\u3066\u3044\u305f\u3060\u304d\u307e\u3059\u3002<\/li>\n<li>\u5f53\u30b5\u30fc\u30d3\u30b9\u3092\u3054\u5229\u7528\u306e\u30b5\u30a4\u30c8\u306b\u306f\u3001\u5f53\u30b5\u30a4\u30c8\u306e\u7d39\u4ecb\u3092\u304a\u9858\u3044\u3057\u3066\u304a\u308a\u307e\u3059\u3002<\/li>\n<li>\u5f53\u30b5\u30fc\u30d3\u30b9\u306f2021\u5e742\u6708\u306e\u6bb5\u968e\u306e\u3082\u306e\u3067\u3042\u308a\u3001\u5c06\u6765\u7684\u306b\u5909\u66f4\u3059\u308b\u53ef\u80fd\u6027\u304c\u3042\u308a\u307e\u3059\u3002\u305d\u306e\u969b\u3001\u3054\u5229\u7528\u3057\u3066\u304f\u3060\u3055\u3063\u3066\u3044\u308b\u4e8b\u696d\u8005\u69d8\u306b\u306f\u9023\u7d61\u3092\u5165\u308c\u3055\u305b\u3066\u3044\u305f\u3060\u304d\u307e\u3059\u3002<\/li>\n<\/ul>\n<\/div>\n<p>\u305d\u306e\u4ed6\u3001\u3054\u610f\u898b\u3001\u3054\u8cea\u554f\u304c\u3042\u308b\u5834\u5408\u306b\u306f\u3001<a href=\"https:\/\/ennavi.tokyo\/urikake-kaikake\/form\/\">\u554f\u3044\u5408\u308f\u305b\u30d5\u30a9\u30fc\u30e0<\/a>\u3088\u308a\u304a\u554f\u3044\u5408\u308f\u305b\u304f\u3060\u3055\u3044\u3002<\/p>\n<p><!-- japan-map\n\n\n<div class=\"waku-map\">\n<b>\u5317\u6d77\u9053\u30fb\u6771\u5317<\/b>\n<a href=\"https:\/\/ennavi.tokyo\/urikake-kaikake\/office\/area\/hokkaido\">\u5317\u6d77\u9053<\/a> | <a href=\"https:\/\/ennavi.tokyo\/urikake-kaikake\/office\/area\/aomori-ken\">\u9752\u68ee<\/a> | <a href=\"https:\/\/ennavi.tokyo\/urikake-kaikake\/office\/area\/iwate-ken\">\u5ca9\u624b<\/a> | <a href=\"https:\/\/ennavi.tokyo\/urikake-kaikake\/office\/area\/akita-ken\">\u79cb\u7530<\/a> | <a href=\"https:\/\/ennavi.tokyo\/urikake-kaikake\/office\/area\/miyagi-ken\">\u5bae\u57ce<\/a> | <a href=\"https:\/\/ennavi.tokyo\/urikake-kaikake\/office\/area\/yamagata-ken\">\u5c71\u5f62<\/a> | <a href=\"https:\/\/ennavi.tokyo\/urikake-kaikake\/office\/area\/fukushima-ken\">\u798f\u5cf6<\/a>\n<b>\u95a2\u6771<\/b>\n<a href=\"https:\/\/ennavi.tokyo\/urikake-kaikake\/office\/area\/ibaraki-ken\">\u8328\u57ce<\/a> | <a href=\"https:\/\/ennavi.tokyo\/urikake-kaikake\/office\/area\/tochigi-ken\">\u6803\u6728<\/a> | <a href=\"https:\/\/ennavi.tokyo\/urikake-kaikake\/office\/area\/gunma-ken\">\u7fa4\u99ac<\/a> | <a href=\"https:\/\/ennavi.tokyo\/urikake-kaikake\/office\/area\/saitama-ken\">\u57fc\u7389<\/a> | <a href=\"https:\/\/ennavi.tokyo\/urikake-kaikake\/office\/area\/chiba-ken\">\u5343\u8449<\/a> | <a href=\"https:\/\/ennavi.tokyo\/urikake-kaikake\/office\/area\/kanagawa-ken\">\u795e\u5948\u5ddd<\/a> | <a href=\"https:\/\/ennavi.tokyo\/urikake-kaikake\/office\/area\/tokyo\">\u6771\u4eac<\/a>\n<b>\u4e2d\u90e8<\/b>\n<a href=\"https:\/\/ennavi.tokyo\/urikake-kaikake\/office\/area\/niigata-ken\">\u65b0\u6f5f<\/a> | <a href=\"https:\/\/ennavi.tokyo\/urikake-kaikake\/office\/area\/toyama-ken\">\u5bcc\u5c71<\/a> | <a href=\"https:\/\/ennavi.tokyo\/urikake-kaikake\/office\/area\/ishikawa-ken\">\u77f3\u5ddd<\/a> | <a href=\"https:\/\/ennavi.tokyo\/urikake-kaikake\/office\/area\/fukui-ken\">\u798f\u4e95<\/a> | <a href=\"https:\/\/ennavi.tokyo\/urikake-kaikake\/office\/area\/yamanashi-ken\">\u5c71\u68a8<\/a> | <a href=\"https:\/\/ennavi.tokyo\/urikake-kaikake\/office\/area\/nagano-ken\">\u9577\u91ce<\/a> | <a href=\"https:\/\/ennavi.tokyo\/urikake-kaikake\/office\/area\/gifu-ken\">\u5c90\u961c<\/a> | <a href=\"https:\/\/ennavi.tokyo\/urikake-kaikake\/office\/area\/shizuoka-ken\">\u9759\u5ca1<\/a> | <a href=\"https:\/\/ennavi.tokyo\/urikake-kaikake\/office\/area\/aichi-ken\">\u611b\u77e5<\/a>\n<b>\u8fd1\u757f<\/b>\n<a href=\"https:\/\/ennavi.tokyo\/urikake-kaikake\/office\/area\/mie-ken\">\u4e09\u91cd<\/a> | <a href=\"https:\/\/ennavi.tokyo\/urikake-kaikake\/office\/area\/shiga-ken\">\u6ecb\u8cc0<\/a> | <a href=\"https:\/\/ennavi.tokyo\/urikake-kaikake\/office\/area\/kyoto-fu\">\u4eac\u90fd<\/a> | <a href=\"https:\/\/ennavi.tokyo\/urikake-kaikake\/office\/area\/oosaka-fu\">\u5927\u962a<\/a> | <a href=\"https:\/\/ennavi.tokyo\/urikake-kaikake\/office\/area\/hyogo-ken\">\u5175\u5eab<\/a> | <a href=\"https:\/\/ennavi.tokyo\/urikake-kaikake\/office\/area\/nara-ken\">\u5948\u826f<\/a> | <a href=\"https:\/\/ennavi.tokyo\/urikake-kaikake\/office\/area\/wakayama-ken\">\u548c\u6b4c\u5c71<\/a>\n<b>\u4e2d\u56fd<\/b>\n<a href=\"https:\/\/ennavi.tokyo\/urikake-kaikake\/office\/area\/tottori-ken\">\u9ce5\u53d6<\/a> | <a href=\"https:\/\/ennavi.tokyo\/urikake-kaikake\/office\/area\/shimane-ken\">\u5cf6\u6839<\/a> | <a href=\"https:\/\/ennavi.tokyo\/urikake-kaikake\/office\/area\/okayama-ken\">\u5ca1\u5c71<\/a> | <a href=\"https:\/\/ennavi.tokyo\/urikake-kaikake\/office\/area\/hiroshima-ken\">\u5e83\u5cf6<\/a> | <a href=\"https:\/\/ennavi.tokyo\/urikake-kaikake\/office\/area\/yamagichi-ken\">\u5c71\u53e3<\/a>\n<b>\u56db\u56fd<\/b>\n<a href=\"https:\/\/ennavi.tokyo\/urikake-kaikake\/office\/area\/tokushima-ken\">\u5fb3\u5cf6<\/a> | <a href=\"https:\/\/ennavi.tokyo\/urikake-kaikake\/office\/area\/kagawa-ken\">\u9999\u5ddd<\/a> | <a href=\"https:\/\/ennavi.tokyo\/urikake-kaikake\/office\/area\/ehime-ken\">\u611b\u5a9b<\/a> | <a href=\"https:\/\/ennavi.tokyo\/urikake-kaikake\/office\/area\/kochi-ken\">\u9ad8\u77e5<\/a>\n<b>\u4e5d\u5dde\u30fb\u6c96\u7e04<\/b>\n<a href=\"https:\/\/ennavi.tokyo\/urikake-kaikake\/office\/area\/fukuoka-ken\">\u798f\u5ca1<\/a> | <a href=\"https:\/\/ennavi.tokyo\/urikake-kaikake\/office\/area\/saga-ken\">\u4f50\u8cc0<\/a> | <a href=\"https:\/\/ennavi.tokyo\/urikake-kaikake\/office\/area\/nagasaki-ken\">\u9577\u5d0e<\/a> | <a href=\"https:\/\/ennavi.tokyo\/urikake-kaikake\/office\/area\/kumamoto-ken\">\u718a\u672c<\/a> | <a href=\"https:\/\/ennavi.tokyo\/urikake-kaikake\/office\/area\/oita-ken\">\u5927\u5206<\/a> | <a href=\"https:\/\/ennavi.tokyo\/urikake-kaikake\/office\/area\/miyazaki-ken\">\u5bae\u5d0e<\/a> | <a href=\"https:\/\/ennavi.tokyo\/urikake-kaikake\/office\/area\/kagoshima-ken\">\u9e7f\u5150\u5cf6<\/a> | <a href=\"https:\/\/ennavi.tokyo\/urikake-kaikake\/office\/area\/okinawa-ken\">\u6c96\u7e04<\/a>\n&nbsp;\n<\/div>\n\n\njapan-map --><\/p>\n","protected":false},"excerpt":{"rendered":"<p>\u8cc7\u91d1\u8abf\u9054\u306e\u4e8b\u696d\u306b\u643a\u308f\u308b\u4e8b\u696d\u8005\u69d8\u3092\u3001\u5f53\u30b5\u30a4\u30c8\u3067\u7d39\u4ecb\u3055\u305b\u3066\u3044\u305f\u3060\u3051\u307e\u305b\u3093\u304b\uff1f\u8cbb\u7528\u306f\u7121\u6599\u3067\u3059\u3002 \u5f53\u30b5\u30a4\u30c8\u3067\u306f\u4e8b\u696d\u8005\u69d8\u306b\u5411\u3051\u3066\u300c\u8cc7\u91d1\u8abf\u9054\u300d\u306e\u60c5\u5831\u3092\u63b2\u8f09\u3057\u3066\u3044\u307e\u3059\u3002\u305d\u3057\u3066\u5f53\u30b5\u30a4\u30c8\u306e\u4e2d\u3067\u3001\u8cc7\u91d1\u8abf\u9054\u306b\u95a2\u308f\u308b\u696d\u8005\u69d8\u3092\u7d39\u4ecb\u3057\u3066\u3044\u308b\u30da\u30fc\u30b8\u3092&#8230;<\/p>\n","protected":false},"author":1,"featured_media":7936,"parent":0,"menu_order":0,"comment_status":"closed","ping_status":"closed","template":"","meta":{"_acf_changed":false,"footnotes":""},"tags":[],"class_list":["post-4246","page","type-page","status-publish","has-post-thumbnail","article"],"acf":[],"_links":{"self":[{"href":"https:\/\/ennavi.tokyo\/urikake-kaikake\/wp-json\/wp\/v2\/pages\/4246","targetHints":{"allow":["GET"]}}],"collection":[{"href":"https:\/\/ennavi.tokyo\/urikake-kaikake\/wp-json\/wp\/v2\/pages"}],"about":[{"href":"https:\/\/ennavi.tokyo\/urikake-kaikake\/wp-json\/wp\/v2\/types\/page"}],"author":[{"embeddable":true,"href":"https:\/\/ennavi.tokyo\/urikake-kaikake\/wp-json\/wp\/v2\/users\/1"}],"replies":[{"embeddable":true,"href":"https:\/\/ennavi.tokyo\/urikake-kaikake\/wp-json\/wp\/v2\/comments?post=4246"}],"version-history":[{"count":52,"href":"https:\/\/ennavi.tokyo\/urikake-kaikake\/wp-json\/wp\/v2\/pages\/4246\/revisions"}],"predecessor-version":[{"id":8727,"href":"https:\/\/ennavi.tokyo\/urikake-kaikake\/wp-json\/wp\/v2\/pages\/4246\/revisions\/8727"}],"wp:featuredmedia":[{"embeddable":true,"href":"https:\/\/ennavi.tokyo\/urikake-kaikake\/wp-json\/wp\/v2\/media\/7936"}],"wp:attachment":[{"href":"https:\/\/ennavi.tokyo\/urikake-kaikake\/wp-json\/wp\/v2\/media?parent=4246"}],"wp:term":[{"taxonomy":"post_tag","embeddable":true,"href":"https:\/\/ennavi.tokyo\/urikake-kaikake\/wp-json\/wp\/v2\/tags?post=4246"}],"curies":[{"name":"wp","href":"https:\/\/api.w.org\/{rel}","templated":true}]}}