{"id":1156,"date":"2020-05-07T00:34:17","date_gmt":"2020-05-06T15:34:17","guid":{"rendered":"https:\/\/ennavi.tokyo\/urikake-kaikake\/?page_id=1156"},"modified":"2021-11-15T00:28:06","modified_gmt":"2021-11-14T15:28:06","slug":"form","status":"publish","type":"page","link":"https:\/\/ennavi.tokyo\/urikake-kaikake\/form\/","title":{"rendered":"\u304a\u554f\u3044\u5408\u308f\u305b"},"content":{"rendered":"<p>\u5f53\u30b5\u30a4\u30c8\u3078\u306e\u304a\u554f\u3044\u5408\u308f\u305b\u306f\u3053\u3061\u3089\u304b\u3089\u304a\u9858\u3044\u3057\u307e\u3059\u3002<\/p>\n\n<div class=\"wpcf7 no-js\" id=\"wpcf7-f1155-o1\" lang=\"ja\" dir=\"ltr\" data-wpcf7-id=\"1155\">\n<div class=\"screen-reader-response\"><p role=\"status\" aria-live=\"polite\" aria-atomic=\"true\"><\/p> <ul><\/ul><\/div>\n<form action=\"\/urikake-kaikake\/wp-json\/wp\/v2\/pages\/1156#wpcf7-f1155-o1\" method=\"post\" class=\"wpcf7-form init wpcf7-acceptance-as-validation\" aria-label=\"\u30b3\u30f3\u30bf\u30af\u30c8\u30d5\u30a9\u30fc\u30e0\" novalidate=\"novalidate\" data-status=\"init\">\n<fieldset class=\"hidden-fields-container\"><input type=\"hidden\" name=\"_wpcf7\" value=\"1155\" \/><input type=\"hidden\" name=\"_wpcf7_version\" value=\"6.1.5\" \/><input type=\"hidden\" name=\"_wpcf7_locale\" value=\"ja\" \/><input type=\"hidden\" name=\"_wpcf7_unit_tag\" value=\"wpcf7-f1155-o1\" \/><input type=\"hidden\" name=\"_wpcf7_container_post\" value=\"0\" \/><input type=\"hidden\" name=\"_wpcf7_posted_data_hash\" value=\"\" \/><input type=\"hidden\" name=\"_wpcf7_recaptcha_response\" value=\"\" \/>\n<\/fieldset>\n<table class=\"table table-bordered table-striped table-contactform7 demo03\">\n\t<tr>\n\t\t<th>\n\t\t\t<p><span class=\"title-contactform7\">\u6c0f\u540d\uff08\u4f1a\u793e\u540d\uff09<\/span>\n\t\t\t<\/p>\n\t\t<\/th>\n\t\t<td>\n\t\t\t<p><span class=\"wpcf7-form-control-wrap\" data-name=\"your-name\"><input size=\"40\" maxlength=\"400\" class=\"wpcf7-form-control wpcf7-text wpcf7-validates-as-required\" aria-required=\"true\" aria-invalid=\"false\" placeholder=\"\u4f8b\uff1a\u5c71\u7530\u3000\u592a\u90ce\" value=\"\" type=\"text\" name=\"your-name\" \/><\/span>\n\t\t\t<\/p>\n\t\t<\/td>\n\t<\/tr>\n\t<tr>\n\t\t<th>\n\t\t\t<p><span class=\"title-contactform7\">\u30e1\u30fc\u30eb<\/span>\n\t\t\t<\/p>\n\t\t<\/th>\n\t\t<td>\n\t\t\t<p><span class=\"wpcf7-form-control-wrap\" data-name=\"your-email\"><input size=\"40\" maxlength=\"400\" class=\"wpcf7-form-control wpcf7-email wpcf7-validates-as-required wpcf7-text wpcf7-validates-as-email\" aria-required=\"true\" aria-invalid=\"false\" placeholder=\"\u4f8b\uff1a\u00d7\u00d7\u00d7@\u00d7\u00d7\u00d7.com\" value=\"\" type=\"email\" name=\"your-email\" \/><\/span>\n\t\t\t<\/p>\n\t\t<\/td>\n\t<\/tr>\n\t<tr>\n\t\t<th>\n\t\t\t<p><span class=\"title-contactform7\">\u5185\u5bb9 <\/span>\n\t\t\t<\/p>\n\t\t<\/th>\n\t\t<td class=\"message-naiyou\">\n\t\t\t<p><span class=\"wpcf7-form-control-wrap\" data-name=\"your-message\"><textarea cols=\"40\" rows=\"10\" maxlength=\"2000\" class=\"wpcf7-form-control wpcf7-textarea wpcf7-validates-as-required\" aria-required=\"true\" aria-invalid=\"false\" placeholder=\"\u304a\u554f\u3044\u5408\u308f\u305b\u5185\u5bb9\u3092\u304a\u66f8\u304d\u304f\u3060\u3055\u3044\u3002\" name=\"your-message\"><\/textarea><\/span>\n\t\t\t<\/p>\n\t\t<\/td>\n\t<\/tr>\n<\/table>\n<div class=\"wpcf7-response-output\" aria-hidden=\"true\"><\/div>\n<p>&nbsp;\n<\/p>\n<p><span class=\"wpcf7-form-control-wrap\" data-name=\"acceptance-1\"><span class=\"wpcf7-form-control wpcf7-acceptance\"><span class=\"wpcf7-list-item\"><label><input type=\"checkbox\" name=\"acceptance-1\" value=\"1\" aria-invalid=\"false\" \/><span class=\"wpcf7-list-item-label\">\u2190<b>\u5de6\u5074\u306e\u30dc\u30c3\u30af\u30b9\u306b\u30c1\u30a7\u30c3\u30af\u3092\u5165\u308c<\/b>\u5165\u529b\u306b\u4e0d\u5099\u304c\u306a\u3051\u308c\u3070<b>\u300c\u9001\u4fe1\u30dc\u30bf\u30f3\u300d<\/b>\u3092\u62bc\u3057\u3066\u304f\u3060\u3055\u3044\u3002<\/span><\/label><\/span><\/span><\/span>\n<\/p>\n<p>&nbsp;\n<\/p>\n<p><div class=\"cf7-cf-turnstile\" style=\"margin-top: 0px; margin-bottom: -15px;\"> <div id=\"cf-turnstile-cf7-2279035320\" class=\"cf-turnstile\" data-sitekey=\"0x4AAAAAACoB3Fo72l1clpzQ\" data-theme=\"light\" data-language=\"auto\" data-size=\"normal\" data-retry=\"auto\" data-retry-interval=\"1000\" data-refresh-expired=\"auto\" data-refresh-timeout=\"auto\" data-action=\"contact-form-7\" data-callback=\"turnstileCF7Callback\" data-appearance=\"always\"><\/div> <script>document.addEventListener(\"DOMContentLoaded\", function() { setTimeout(function(){ var e=document.getElementById(\"cf-turnstile-cf7-2279035320\"); if(e&&!e.innerHTML.trim()){turnstile.render(e, {sitekey:\"0x4AAAAAACoB3Fo72l1clpzQ\"});} }, 200); });<\/script> <br class=\"cf-turnstile-br cf-turnstile-br-cf7-2279035320\"> <style>#cf-turnstile-cf7-2279035320 { margin-left: -15px; }<\/style> <script>document.addEventListener(\"DOMContentLoaded\",function(){document.querySelectorAll('.wpcf7-form').forEach(function(e){e.addEventListener('submit',function(){if(document.getElementById('cf-turnstile-cf7-2279035320')){setTimeout(function(){turnstile.reset('#cf-turnstile-cf7-2279035320');},1000)}})})});<\/script> <\/div><br\/><input class=\"wpcf7-form-control wpcf7-submit has-spinner\" type=\"submit\" value=\"\u9001\u4fe1\" \/>\n<\/p>\n<\/form>\n<\/div>\n\n<h2>\u304a\u65ad\u308a<\/h2>\n<p>\u5f53\u30b5\u30a4\u30c8\u3078\u306e\u304a\u554f\u3044\u5408\u308f\u305b\u306b\u306f\u3001\u3053\u3061\u3089\u306e\u30d5\u30a9\u30fc\u30e0\u3067\u53d7\u3051\u4ed8\u3051\u3066\u3044\u307e\u3059\u3002\u304a\u554f\u3044\u5408\u308f\u305b\u3044\u305f\u3060\u3044\u305f\u5185\u5bb9\u306b\u3064\u304d\u307e\u3057\u3066\u306f\u3001\u5f53\u30b5\u30a4\u30c8\u904b\u55b6\u306e\u305f\u3081\u306e\u53c2\u8003\u3068\u3055\u305b\u3066\u3044\u305f\u3060\u304d\u307e\u3059\u3002<br \/>\n\u5c1a\u3001\u3044\u305f\u3060\u3044\u305f\u304a\u554f\u3044\u5408\u308f\u305b\u306b\u95a2\u3057\u3066\u3001\u5f53\u30b5\u30a4\u30c8\u57fa\u6e96\u3067\u8fd4\u4fe1\u304c\u5fc5\u8981\u3068\u5224\u65ad\u3057\u305f\u5834\u5408\u306e\u307f\u8fd4\u4fe1\u3055\u305b\u3066\u3044\u305f\u3060\u304d\u307e\u3059\u3002<\/p>\n<p>\u307e\u305f\u3044\u305f\u3060\u3044\u305f\u60c5\u5831\u306b\u3064\u304d\u307e\u3057\u3066\u306f\u3001\u610f\u56f3\u7684\u306b\u5916\u90e8\u306b\u63d0\u4f9b\u3059\u308b\u3053\u3068\u306f\u4e00\u5207\u3042\u308a\u307e\u305b\u3093\u3002<\/p>\n<p>\u305f\u3060\u3057\u3001\u5f53\u30b5\u30a4\u30c8\u3092\u904b\u55b6\u3059\u308b\u4e0a\u3067\u652f\u969c\u304c\u304d\u305f\u3059\u3068\u5224\u65ad\u3067\u304d\u308b\u5185\u5bb9\u306b\u95a2\u3057\u307e\u3057\u3066\u306f\u3001\u95a2\u4fc2\u6a5f\u95a2\u306b\u60c5\u5831\u63d0\u4f9b\u3055\u305b\u3066\u3044\u305f\u3060\u304f\u3053\u3068\u3082\u3042\u308a\u307e\u3059\u306e\u3067\u4e88\u3081\u3054\u4e86\u627f\u304f\u3060\u3055\u3044\u3002<\/p>\n<p><span class=\"migi\"><b>\u53c2\u7167<\/b> <i class=\"fas fa-angle-double-right\"><\/i> <a href=\"https:\/\/ennavi.tokyo\/urikake-kaikake\/\">\u8cc7\u91d1\u8abf\u9054\u3084\u8cc7\u91d1\u7e70\u308a\u554f\u984c\u3092\u89e3\u6c7a\uff01\u4e8b\u696d\u8005\u304c\u77e5\u3063\u3066\u304a\u304d\u305f\u3044\u52b9\u679c\u7684\u306a\u8cc7\u91d1\u8abf\u9054\u65b9\u6cd5<\/a><\/span><\/p>\n<p>&nbsp;<\/p>\n","protected":false},"excerpt":{"rendered":"<p>\u5f53\u30b5\u30a4\u30c8\u3078\u306e\u304a\u554f\u3044\u5408\u308f\u305b\u306f\u3053\u3061\u3089\u304b\u3089\u304a\u9858\u3044\u3057\u307e\u3059\u3002 \u304a\u65ad\u308a \u5f53\u30b5\u30a4\u30c8\u3078\u306e\u304a\u554f\u3044\u5408\u308f\u305b\u306b\u306f\u3001\u3053\u3061\u3089\u306e\u30d5\u30a9\u30fc\u30e0\u3067\u53d7\u3051\u4ed8\u3051\u3066\u3044\u307e\u3059\u3002\u304a\u554f\u3044\u5408\u308f\u305b\u3044\u305f\u3060\u3044\u305f\u5185\u5bb9\u306b\u3064\u304d\u307e\u3057\u3066\u306f\u3001\u5f53\u30b5\u30a4\u30c8\u904b\u55b6\u306e\u305f\u3081\u306e\u53c2\u8003\u3068\u3055\u305b\u3066\u3044\u305f\u3060\u304d\u307e\u3059\u3002 \u5c1a\u3001&#8230;<\/p>\n","protected":false},"author":1,"featured_media":0,"parent":0,"menu_order":0,"comment_status":"closed","ping_status":"closed","template":"","meta":{"_acf_changed":false,"footnotes":""},"tags":[],"class_list":["post-1156","page","type-page","status-publish","article"],"acf":[],"_links":{"self":[{"href":"https:\/\/ennavi.tokyo\/urikake-kaikake\/wp-json\/wp\/v2\/pages\/1156","targetHints":{"allow":["GET"]}}],"collection":[{"href":"https:\/\/ennavi.tokyo\/urikake-kaikake\/wp-json\/wp\/v2\/pages"}],"about":[{"href":"https:\/\/ennavi.tokyo\/urikake-kaikake\/wp-json\/wp\/v2\/types\/page"}],"author":[{"embeddable":true,"href":"https:\/\/ennavi.tokyo\/urikake-kaikake\/wp-json\/wp\/v2\/users\/1"}],"replies":[{"embeddable":true,"href":"https:\/\/ennavi.tokyo\/urikake-kaikake\/wp-json\/wp\/v2\/comments?post=1156"}],"version-history":[{"count":8,"href":"https:\/\/ennavi.tokyo\/urikake-kaikake\/wp-json\/wp\/v2\/pages\/1156\/revisions"}],"predecessor-version":[{"id":6524,"href":"https:\/\/ennavi.tokyo\/urikake-kaikake\/wp-json\/wp\/v2\/pages\/1156\/revisions\/6524"}],"wp:attachment":[{"href":"https:\/\/ennavi.tokyo\/urikake-kaikake\/wp-json\/wp\/v2\/media?parent=1156"}],"wp:term":[{"taxonomy":"post_tag","embeddable":true,"href":"https:\/\/ennavi.tokyo\/urikake-kaikake\/wp-json\/wp\/v2\/tags?post=1156"}],"curies":[{"name":"wp","href":"https:\/\/api.w.org\/{rel}","templated":true}]}}